{"id":8310,"date":"2024-09-23T22:54:58","date_gmt":"2024-09-23T20:54:58","guid":{"rendered":"https:\/\/royals-club.es\/?page_id=8310"},"modified":"2025-02-20T07:25:59","modified_gmt":"2025-02-20T06:25:59","slug":"datenschutz","status":"publish","type":"page","link":"https:\/\/royals-club.es\/de\/datenschutz\/","title":{"rendered":"Datenschutz"},"content":{"rendered":"\t\t<div data-elementor-type=\"wp-page\" data-elementor-id=\"8310\" class=\"elementor elementor-8310\" data-elementor-post-type=\"page\">\n\t\t\t\t<div class=\"elementor-element elementor-element-743f608 legaltxt e-flex e-con-boxed e-con e-parent\" data-id=\"743f608\" data-element_type=\"container\" data-settings=\"{&quot;background_background&quot;:&quot;classic&quot;}\">\n\t\t\t\t\t<div class=\"e-con-inner\">\n\t\t\t\t<div class=\"elementor-element elementor-element-d3e30f7 elementor-widget elementor-widget-text-editor\" data-id=\"d3e30f7\" data-element_type=\"widget\" data-widget_type=\"text-editor.default\">\n\t\t\t\t<div class=\"elementor-widget-container\">\n\t\t\t\t\t\t\t\t\t<h2>DATENSCHUTZ<\/h2><p>\n<strong>https:\/\/royals-club.es<\/strong><\/p>\n<h3>I. DATENSCHUTZERKL\u00c4RUNG UND DATENSCHUTZ<\/h3><p>\nDer ASOC ROYAL CLUB (im Folgenden auch Website) verpflichtet sich, in \u00dcbereinstimmung mit der geltenden Gesetzgebung die notwendigen technischen und organisatorischen Ma\u00dfnahmen zu ergreifen, die dem Risiko der erhobenen Daten angemessen sind.<\/p>\n<p><strong>Gesetze, die diese Datenschutzrichtlinie enthalten<\/strong>.<\/p>\n<p>Die vorliegende Datenschutzpolitik ist an die aktuelle spanische und europ\u00e4ische Gesetzgebung zum Schutz personenbezogener Daten im Internet angepasst. Insbesondere ber\u00fccksichtigt sie die folgenden Vorschriften:<\/p>\n<ul>\n<li>Die Verordnung (EU) 2016\/679 des Europ\u00e4ischen Parlaments und des Rates vom 27. April 2016 zum Schutz nat\u00fcrlicher Personen bei der Verarbeitung personenbezogener Daten und zum freien Datenverkehr (RGPD).<\/li>\n<li>Organisches Gesetz 3\/2018, vom 5. Dezember, \u00fcber den Schutz personenbezogener Daten und die Gew\u00e4hrleistung digitaler Rechte (LOPD-GDD).\n<\/li><li>K\u00f6nigsdekret 1720\/2007 vom 21. Dezember zur Verabschiedung der Durchf\u00fchrungsverordnung zum Organgesetz 15\/1999 vom 13. Dezember \u00fcber den Schutz personenbezogener Daten (RDLOPD)<\/li>\n<li>La Ley 34\/2002, de 11 de julio, de Servicios de la Sociedad de la Informaci\u00f3n y deComercio Electr\u00f3nico (LSSI-CE).\n<\/li><\/ul>\n<p><strong>Identit\u00e4t des Verantwortlichen f\u00fcr die Verarbeitung der pers\u00f6nlichen Daten<\/strong>.<\/p>\n<p>Der Verantwortliche f\u00fcr die Verarbeitung der pers\u00f6nlichen Daten, die im ASOC ROYAL CLUB gesammelt werden, mit der NIF: G16359762, und dessen Kontaktdaten sind:<br>\nAdresse: Calle Cuarteles Num 66, Pis\u00f3 s\u00f3tano, 29002 Malaga<br>\nE-Mail: info@royals-club.es<\/p>\n<p><strong>Registrierung der pers\u00f6nlichen Daten<\/strong>.<\/p>\n<p>In \u00dcbereinstimmung mit den Bestimmungen der RGPD und der LOPD-GDD informieren wir Sie dar\u00fcber, dass die pers\u00f6nlichen Daten, die ASOC ROYAL CLUB \u00fcber die auf seinen Seiten bereitgestellten Formulare sammelt, in unsere Datei aufgenommen und verarbeitet werden, um die zwischen ASOC ROYAL CLUB und dem Nutzer eingegangenen Verpflichtungen zu erleichtern, zu beschleunigen und zu erf\u00fcllen oder um die in den ausgef\u00fcllten Formularen festgelegte Beziehung aufrechtzuerhalten oder um auf eine Anfrage oder einen Antrag des Nutzers zu antworten. Ebenso wird gem\u00e4\u00df den Bestimmungen der RGPD und der LOPD-GDD, sofern nicht die in Artikel 30.5 der RGPD vorgesehene Ausnahme zutrifft, ein Verzeichnis der Verarbeitungst\u00e4tigkeiten gef\u00fchrt, in dem je nach Zweck die durchgef\u00fchrten Verarbeitungst\u00e4tigkeiten und die anderen in der RGPD festgelegten Umst\u00e4nde aufgef\u00fchrt sind.<\/p>\n<p><strong>Grunds\u00e4tze f\u00fcr die Verarbeitung von personenbezogenen Daten<\/strong>.<\/p>\n<p>Die Verarbeitung der personenbezogenen Daten des Nutzers unterliegt den folgenden Grunds\u00e4tzen, die in Artikel 5 der DSGVO und in Artikel 4 ff. des Organgesetzes 3\/2018 vom 5. Dezember \u00fcber den Schutz personenbezogener Daten und die Gew\u00e4hrleistung der digitalen Rechte festgelegt sind:<\/p>\n<ul>\n<li>Grundsatz der Rechtm\u00e4\u00dfigkeit, Fairness und Transparenz: Die Zustimmung des Nutzers ist jederzeit nach vollst\u00e4ndig transparenten Informationen \u00fcber die Zwecke, f\u00fcr die die personenbezogenen Daten gesammelt werden, erforderlich.<\/li>\n<li>Grundsatz der Zweckbindung: Personenbezogene Daten m\u00fcssen f\u00fcr festgelegte, eindeutige und rechtm\u00e4\u00dfige Zwecke erhoben werden.<\/li>\n<li>Grundsatz der Zweckbindung: Personenbezogene Daten m\u00fcssen f\u00fcr festgelegte, eindeutige und rechtm\u00e4\u00dfige Zwecke erhoben werden.\n<\/li><li>Grundsatz der Datenminimierung: Es werden nur die personenbezogenen Daten erhoben, die f\u00fcr die Zwecke, f\u00fcr die sie verarbeitet werden, unbedingt erforderlich sind<\/li>\n<li>Grundsatz der Richtigkeit: Die personenbezogenen Daten m\u00fcssen richtig und stets auf dem neuesten Stand sein<\/li>\n<li>Grundsatz der Begrenzung der Speicherdauer: Personenbezogene Daten werden nur in einer Form aufbewahrt, die die Identifizierung des Nutzers f\u00fcr die Zeit erm\u00f6glicht, die f\u00fcr die Zwecke ihrer Verarbeitung erforderlich ist.\n<\/li><li>Grundsatz der Integrit\u00e4t und Vertraulichkeit: Die personenbezogenen Daten werden so verarbeitet, dass ihre Sicherheit und Vertraulichkeit gew\u00e4hrleistet ist.\n<\/li><li>Grundsatz der proaktiven Rechenschaftspflicht: Der f\u00fcr die Verarbeitung Verantwortliche ist daf\u00fcr verantwortlich, dass die oben genannten Grunds\u00e4tze beachtet werden.\n<\/li><\/ul>\n<p><strong>Kategorien von personenbezogenen Daten<\/strong>.<\/p>\n<p>Bei den vom ASOC ROYAL CLUB verarbeiteten Datenkategorien handelt es sich ausschlie\u00dflich um Identifikationsdaten. Unter keinen Umst\u00e4nden werden besondere Kategorien personenbezogener Daten im Sinne von Artikel 9 der Datenschutz-Grundverordnung verarbeitet.<\/p>\n<p><strong>Rechtsgrundlage f\u00fcr die Verarbeitung von personenbezogenen Daten<\/strong>.<\/p>\n<p>Die Rechtsgrundlage f\u00fcr die Verarbeitung personenbezogener Daten ist die Einwilligung. Der ASOC ROYAL CLUB verpflichtet sich, die ausdr\u00fcckliche und \u00fcberpr\u00fcfbare Zustimmung des Nutzers zur Verarbeitung seiner personenbezogenen Daten f\u00fcr einen oder mehrere bestimmte Zwecke einzuholen. Der Nutzer hat das Recht, seine Zustimmung jederzeit zu widerrufen. Der Widerruf der Einwilligung ist genauso einfach wie die Erteilung der Einwilligung. In der Regel wird die Nutzung der Website durch den Widerruf der Zustimmung nicht eingeschr\u00e4nkt.<\/p>\n<p>In den F\u00e4llen, in denen der Nutzer seine Daten \u00fcber Formulare eingeben muss oder kann, um Anfragen zu stellen, Informationen anzufordern oder aus Gr\u00fcnden, die mit dem Inhalt der Website zusammenh\u00e4ngen, wird er dar\u00fcber informiert, wenn das Ausf\u00fcllen eines dieser Formulare obligatorisch ist, weil es f\u00fcr die ordnungsgem\u00e4\u00dfe Abwicklung der durchgef\u00fchrten Operation unerl\u00e4sslich ist.<\/p>\n<p><strong>Zwecke der Verarbeitung von personenbezogenen Daten<\/strong>.<\/p>\n<p>Die personenbezogenen Daten werden vom ASOC ROYAL CLUB gesammelt und verwaltet, um die zwischen der Website und dem Nutzer eingegangenen Verpflichtungen zu erleichtern, zu beschleunigen und zu erf\u00fcllen oder um die in den vom Nutzer ausgef\u00fcllten Formularen hergestellte Beziehung aufrechtzuerhalten oder um auf eine Anfrage oder einen Antrag zu antworten.<\/p>\n<p>Ebenso k\u00f6nnen die Daten f\u00fcr kommerzielle, personalisierte, betriebliche und statistische Zwecke und f\u00fcr Aktivit\u00e4ten im Zusammenhang mit dem Unternehmenszweck des ASOC ROYAL CLUB sowie f\u00fcr die Gewinnung und Speicherung von Daten und Marketingstudien zur Anpassung des dem Nutzer angebotenen Inhalts sowie zur Verbesserung der Qualit\u00e4t, des Betriebs und der Navigation der Website verwendet werden.<\/p>\n<p>Zum Zeitpunkt der Erhebung der personenbezogenen Daten wird der Nutzer \u00fcber den spezifischen Zweck oder die Zwecke der Verarbeitung informiert, f\u00fcr die die personenbezogenen Daten verwendet werden, d.h. die Verwendung oder die Verwendungen, f\u00fcr die die gesammelten Informationen verwendet werden.<\/p>\n<p><strong>Aufbewahrungsfristen f\u00fcr personenbezogene Daten<\/strong>.<\/p>\n<p>Personenbezogene Daten werden nur so lange aufbewahrt, wie es f\u00fcr die Zwecke ihrer Verarbeitung erforderlich ist, und in jedem Fall nur f\u00fcr den folgenden Zeitraum: 12 Monate oder bis der Nutzer ihre L\u00f6schung beantragt.<\/p>\n<p>Zum Zeitpunkt der Erhebung der personenbezogenen Daten wird der Nutzer \u00fcber den Zeitraum informiert, f\u00fcr den die personenbezogenen Daten aufbewahrt werden, oder, falls dies nicht m\u00f6glich ist, \u00fcber die Kriterien, nach denen dieser Zeitraum bestimmt wird.<\/p>\n<p><strong>Empf\u00e4nger der personenbezogenen Daten<\/strong>.<\/p>\n<p>Die personenbezogenen Daten des Nutzers werden nicht an Dritte weitergegeben. In jedem Fall wird der Nutzer zum Zeitpunkt der Erhebung der personenbezogenen Daten \u00fcber die Empf\u00e4nger oder Kategorien von Empf\u00e4ngern der personenbezogenen Daten informiert.<\/p>\n<p><strong>Personenbezogene Daten von Minderj\u00e4hrigen<\/strong>.<\/p>\n<p>In \u00dcbereinstimmung mit den Bestimmungen der Artikel 8 der RGPD und 7 des Organgesetzes 3\/2018 vom 5. Dezember \u00fcber den Schutz personenbezogener Daten und die Gew\u00e4hrleistung digitaler Rechte k\u00f6nnen nur Personen \u00fcber 14 Jahren ihre Zustimmung zur rechtm\u00e4\u00dfigen Verarbeitung ihrer personenbezogenen Daten durch ASOC ROYAL CLUB geben. Bei Kindern unter 14 Jahren ist die Zustimmung der Eltern oder Erziehungsberechtigten f\u00fcr die Verarbeitung erforderlich, und die Verarbeitung ist nur rechtm\u00e4\u00dfig, wenn die Eltern oder Erziehungsberechtigten ihre Zustimmung gegeben haben.<\/p>\n<p><strong>Geheimhaltung und Sicherheit der personenbezogenen Daten<\/strong>.<\/p>\n<p>Der ASOC ROYAL CLUB verpflichtet sich, die notwendigen technischen und organisatorischen Ma\u00dfnahmen zu ergreifen, die dem Risiko der erhobenen Daten angemessen sind, um die Sicherheit der personenbezogenen Daten zu gew\u00e4hrleisten und die versehentliche oder unrechtm\u00e4\u00dfige Zerst\u00f6rung, den Verlust oder die Ver\u00e4nderung der \u00fcbermittelten, gespeicherten oder anderweitig verarbeiteten personenbezogenen Daten sowie die unbefugte Weitergabe oder den unbefugten Zugriff auf diese Daten zu verhindern.<\/p>\n<p>Die Website verf\u00fcgt \u00fcber ein SSL-Zertifikat (Secure Socket Layer), das die sichere und vertrauliche \u00dcbermittlung personenbezogener Daten gew\u00e4hrleistet, da die Daten\u00fcbertragung zwischen dem Server und dem Nutzer und bei der R\u00fcckmeldung vollst\u00e4ndig verschl\u00fcsselt oder codiert ist. Da der ASOC ROYAL CLUB jedoch weder die Unangreifbarkeit des Internets noch die v\u00f6llige Abwesenheit von Hackern oder anderen Personen, die sich in betr\u00fcgerischer Absicht Zugang zu personenbezogenen Daten verschaffen, garantieren kann, verpflichtet sich der f\u00fcr die Verarbeitung Verantwortliche, den Nutzer unverz\u00fcglich zu benachrichtigen, wenn eine Verletzung der Sicherheit personenbezogener Daten vorliegt, die ein hohes Risiko f\u00fcr die Rechte und Freiheiten nat\u00fcrlicher Personen mit sich bringen k\u00f6nnte. Gem\u00e4\u00df Artikel 4 der Datenschutz-Grundverordnung ist unter einer Verletzung der Sicherheit personenbezogener Daten jede Verletzung der Sicherheit zu verstehen, die zur zuf\u00e4lligen oder unrechtm\u00e4\u00dfigen Zerst\u00f6rung, zum Verlust oder zur Ver\u00e4nderung von \u00fcbermittelten, gespeicherten oder anderweitig verarbeiteten personenbezogenen Daten oder zur unbefugten Weitergabe von oder zum unbefugten Zugang zu solchen Daten f\u00fchrt.<\/p>\n<p>Der f\u00fcr die Verarbeitung Verantwortliche behandelt die personenbezogenen Daten vertraulich und verpflichtet sich, seine Mitarbeiter, Partner und alle Personen, denen er die Informationen zug\u00e4nglich macht, dar\u00fcber zu informieren und durch eine gesetzliche oder vertragliche Verpflichtung sicherzustellen, dass diese Vertraulichkeit gewahrt bleibt.<\/p>\n<p><strong>Rechte, die sich aus der Verarbeitung der personenbezogenen Daten ergeben<\/strong>.<\/p>\n<p>Der Nutzer hat gegen\u00fcber dem ASOC ROYAL CLUB die folgenden Rechte, die in der RGPD und dem Organgesetz 3\/2018 vom 5. Dezember \u00fcber den Schutz personenbezogener Daten und die Gew\u00e4hrleistung digitaler Rechte anerkannt sind, und kann diese daher gegen\u00fcber dem Datenverwalter geltend machen:<\/p>\n<ul>\n<li>Zugriffsrecht: Dies ist das Recht des Nutzers, eine Best\u00e4tigung dar\u00fcber zu erhalten, ob ASOC ROYAL CLUB seine personenbezogenen Daten verarbeitet oder nicht, und wenn dies der Fall ist, Informationen \u00fcber seine spezifischen personenbezogenen Daten und die Verarbeitung zu erhalten, die ASOC ROYAL CLUB durchgef\u00fchrt hat oder durchf\u00fchrt, sowie unter anderem die verf\u00fcgbaren Informationen \u00fcber die Herkunft dieser Daten und die Empf\u00e4nger der f\u00fcr diese Daten durchgef\u00fchrten oder geplanten Mitteilungen.<\/li>\n<li>Recht auf Berichtigung: Dies ist das Recht des Nutzers, seine personenbezogenen Daten \u00e4ndern zu lassen, wenn sie sich als unrichtig oder unter Ber\u00fccksichtigung der Zwecke der Verarbeitung als unvollst\u00e4ndig erweisen.<\/li>\n<li>Recht auf L\u00f6schung (\u201edas Recht auf Vergessenwerden\u201c): Dies ist das Recht des Nutzers, sofern gesetzlich nicht anders vorgesehen, die L\u00f6schung seiner personenbezogenen Daten zu erwirken, wenn diese f\u00fcr die Zwecke, f\u00fcr die sie erhoben oder verarbeitet wurden, nicht mehr erforderlich sind, der Nutzer seine Einwilligung zu der Verarbeitung widerrufen hat und die Verarbeitung keine andere Rechtsgrundlage hat; der Nutzer Widerspruch gegen die Verarbeitung eingelegt hat und kein anderer rechtm\u00e4\u00dfiger Grund f\u00fcr die Fortsetzung der Verarbeitung vorliegt; die personenbezogenen Daten unrechtm\u00e4\u00dfig verarbeitet wurden; die personenbezogenen Daten aufgrund einer rechtlichen Verpflichtung gel\u00f6scht werden m\u00fcssen; oder die personenbezogenen Daten als Ergebnis eines Direktangebots von Diensten der Informationsgesellschaft an ein Kind unter 14 Jahren erhoben wurden. Zus\u00e4tzlich zur L\u00f6schung ergreift der f\u00fcr die Verarbeitung Verantwortliche unter Ber\u00fccksichtigung der verf\u00fcgbaren Technologie und der Kosten ihrer Umsetzung angemessene Ma\u00dfnahmen, um die f\u00fcr die Verarbeitung Verantwortlichen, die die personenbezogenen Daten verarbeiten, \u00fcber den Antrag der betroffenen Person auf L\u00f6schung aller Verkn\u00fcpfungen mit diesen personenbezogenen Daten zu informieren.\n<\/li><li>Recht auf Einschr\u00e4nkung der Verarbeitung: Dies ist das Recht des Nutzers, die Verarbeitung seiner personenbezogenen Daten einzuschr\u00e4nken. Der Nutzer hat das Recht, die Einschr\u00e4nkung der Verarbeitung zu erwirken, wenn er die Richtigkeit seiner personenbezogenen Daten bestreitet, die Verarbeitung unrechtm\u00e4\u00dfig ist, der f\u00fcr die Verarbeitung Verantwortliche die personenbezogenen Daten nicht mehr ben\u00f6tigt, der Nutzer sie aber zur Geltendmachung von Anspr\u00fcchen ben\u00f6tigt, und wenn der Nutzer der Verarbeitung widersprochen hat.\n<\/li><li>Recht auf Daten\u00fcbertragbarkeit: Im Falle einer automatisierten Verarbeitung hat der Nutzer das Recht, von dem f\u00fcr die Verarbeitung Verantwortlichen seine personenbezogenen Daten in einem strukturierten, g\u00e4ngigen und maschinenlesbaren Format zu erhalten und sie einem anderen f\u00fcr die Verarbeitung Verantwortlichen zu \u00fcbermitteln. Soweit technisch machbar, \u00fcbermittelt der f\u00fcr die Verarbeitung Verantwortliche die Daten direkt an diesen anderen f\u00fcr die Verarbeitung Verantwortlichen.<\/li>\n<li>Recht auf Widerspruch: Dies ist das Recht des Nutzers, die Verarbeitung seiner personenbezogenen Daten zu verweigern oder die Verarbeitung dieser Daten durch den ASOC ROYAL CLUB zu beenden.\n<\/li><li>Recht, keiner Entscheidung unterworfen zu werden, die ausschlie\u00dflich auf einer automatisierten Verarbeitung, einschlie\u00dflich Profiling, beruht: Dies ist das Recht des Nutzers, keiner individualisierten Entscheidung unterworfen zu werden, die ausschlie\u00dflich auf einer automatisierten Verarbeitung seiner personenbezogenen Daten, einschlie\u00dflich Profiling, beruht, es sei denn, die geltenden Rechtsvorschriften sehen etwas anderes vor.\n<\/li><\/ul>\n<p>Der Nutzer kann seine Rechte durch eine schriftliche Mitteilung an den f\u00fcr die Datenverarbeitung Verantwortlichen mit der Referenz \u201eRGPD-https:\/\/royals-club.es\u201c aus\u00fcben,<br>\nunter Angabe:<\/p>\n<ul>\n<li>Vorname, Nachname(n) des Nutzers und eine Kopie des Personalausweises des Nutzers. In F\u00e4llen, in denen eine Vertretung zul\u00e4ssig ist, muss auch die Person, die den Nutzer vertritt, auf die gleiche Weise identifiziert werden, ebenso wie das Dokument, das die Vertretung beglaubigt. Die Fotokopie des DNI kann durch jedes andere rechtsg\u00fcltige Mittel ersetzt werden, das die Identit\u00e4t best\u00e4tigt.\n<\/li><li>Antrag mit den spezifischen Gr\u00fcnden f\u00fcr den Antrag oder die Informationen, zu denen Zugang begehrt wird.\n<\/li><li>Anschrift f\u00fcr die Zwecke der Zustellungen.\n<\/li><li>Datum und Unterschrift des Antragstellers.\n<\/li><li>Ein beliebiges Dokument, das den gestellten Antrag best\u00e4tigt.<\/li><\/ul><p>\nDieser Antrag und alle beigef\u00fcgten Unterlagen k\u00f6nnen an die folgende Adresse und\/oder E-Mail-Adresse geschickt werden:<\/p>\n<p>Postanschrift: Calle Cuarteles Num 66, Pis\u00f3 s\u00f3tano, 29002 Malaga<br>\nE-Mail: info@royals-club.es<\/p>\n<p><strong>Links zu Webseiten Dritter<\/strong>.<\/p>\n<p>Die Website kann Hyperlinks oder Links enthalten, die den Zugang zu anderen Websites als ASOC ROYAL CLUB erm\u00f6glichen und daher nicht von ASOC ROYAL CLUB betrieben werden. Die Eigent\u00fcmer dieser Websites haben ihre eigenen Datenschutzrichtlinien und sind in jedem Fall selbst f\u00fcr ihre eigenen Dateien und ihre eigenen Datenschutzpraktiken verantwortlich.<\/p>\n<p><strong>Beschwerden bei der Aufsichtsbeh\u00f6rde<\/strong>.<\/p>\n<p>Sollte der Nutzer der Ansicht sein, dass die Art und Weise der Verarbeitung seiner personenbezogenen Daten ein Problem oder einen Versto\u00df gegen die geltenden Vorschriften darstellt, hat er das Recht auf einen wirksamen gerichtlichen Rechtsschutz und auf eine Beschwerde bei einer Aufsichtsbeh\u00f6rde, insbesondere in dem Staat, in dem er seinen gew\u00f6hnlichen Aufenthalt, seinen Arbeitsplatz oder den Ort des mutma\u00dflichen Versto\u00dfes hat. Im Falle Spaniens ist die Aufsichtsbeh\u00f6rde die spanische Datenschutzbeh\u00f6rde (http:\/\/www.agpd.es).<\/p>\n<h3>II. ZUSTIMMUNG UND \u00c4NDERUNG DIESER DATENSCHUTZPOLITIK<\/h3><p>\nEs ist notwendig, dass der Nutzer die in dieser Datenschutzpolitik enthaltenen Bedingungen zum Schutz personenbezogener Daten gelesen hat und ihnen zustimmt, sowie dass er der Verarbeitung seiner personenbezogenen Daten zustimmt, damit der f\u00fcr die Datenverarbeitung Verantwortliche auf die angegebene Weise, in den angegebenen Zeitr\u00e4umen und zu den angegebenen Zwecken vorgehen kann. Die Nutzung der Website impliziert die Annahme der Datenschutzpolitik derselben.<\/p>\n<p>ASOC ROYAL CLUB beh\u00e4lt sich das Recht vor, seine Datenschutzpolitik nach eigenen Kriterien oder aufgrund einer \u00c4nderung der Gesetzgebung, der Rechtsprechung oder der Doktrin der spanischen Datenschutzbeh\u00f6rde zu \u00e4ndern. \u00c4nderungen oder Aktualisierungen der vorliegenden Datenschutzpolitik werden dem Nutzer nicht ausdr\u00fccklich mitgeteilt. Dem Nutzer wird empfohlen, diese Seite regelm\u00e4\u00dfig zu konsultieren, um sich \u00fcber die neuesten \u00c4nderungen oder Aktualisierungen zu informieren.<\/p>\n<p>Diese Datenschutzrichtlinie wurde aktualisiert, um sie an die Verordnung (EU) 2016\/679 des Europ\u00e4ischen Parlaments und des Rates vom 27. April 2016 zum Schutz nat\u00fcrlicher Personen bei der Verarbeitung personenbezogener Daten und zum freien Datenverkehr (GDPR) und an das Organgesetz 3\/2018 vom 5. Dezember \u00fcber den Schutz personenbezogener Daten und die Gew\u00e4hrleistung digitaler Rechte anzupassen.<\/p>\n<p>Dieses Dokument zur Datenschutzrichtlinie wurde mit dem Online-Generator f\u00fcr Datenschutzrichtlinien am 01\/07\/2021 erstellt.<\/p>\t\t\t\t\t\t\t\t<\/div>\n\t\t\t\t<\/div>\n\t\t\t\t\t<\/div>\n\t\t\t\t<\/div>\n\t\t\t\t<\/div>\n\t\t","protected":false},"excerpt":{"rendered":"<p>DATENSCHUTZ https:\/\/royals-club.es I. DATENSCHUTZERKL\u00c4RUNG UND DATENSCHUTZ Der ASOC ROYAL CLUB (im Folgenden auch Website) verpflichtet sich, in \u00dcbereinstimmung mit der geltenden Gesetzgebung die notwendigen technischen und organisatorischen Ma\u00dfnahmen zu ergreifen, die dem Risiko der erhobenen Daten angemessen sind. Gesetze, die diese Datenschutzrichtlinie enthalten. Die vorliegende Datenschutzpolitik ist an die aktuelle spanische und europ\u00e4ische Gesetzgebung zum [&hellip;]<\/p>\n","protected":false},"author":1,"featured_media":0,"parent":0,"menu_order":0,"comment_status":"closed","ping_status":"closed","template":"","meta":{"footnotes":""},"class_list":["post-8310","page","type-page","status-publish","hentry"],"_links":{"self":[{"href":"https:\/\/royals-club.es\/de\/wp-json\/wp\/v2\/pages\/8310","targetHints":{"allow":["GET"]}}],"collection":[{"href":"https:\/\/royals-club.es\/de\/wp-json\/wp\/v2\/pages"}],"about":[{"href":"https:\/\/royals-club.es\/de\/wp-json\/wp\/v2\/types\/page"}],"author":[{"embeddable":true,"href":"https:\/\/royals-club.es\/de\/wp-json\/wp\/v2\/users\/1"}],"replies":[{"embeddable":true,"href":"https:\/\/royals-club.es\/de\/wp-json\/wp\/v2\/comments?post=8310"}],"version-history":[{"count":13,"href":"https:\/\/royals-club.es\/de\/wp-json\/wp\/v2\/pages\/8310\/revisions"}],"predecessor-version":[{"id":9414,"href":"https:\/\/royals-club.es\/de\/wp-json\/wp\/v2\/pages\/8310\/revisions\/9414"}],"wp:attachment":[{"href":"https:\/\/royals-club.es\/de\/wp-json\/wp\/v2\/media?parent=8310"}],"curies":[{"name":"wp","href":"https:\/\/api.w.org\/{rel}","templated":true}]}}