{"id":8332,"date":"2024-09-23T22:54:21","date_gmt":"2024-09-23T20:54:21","guid":{"rendered":"https:\/\/royals-club.es\/?page_id=8332"},"modified":"2025-02-20T07:25:00","modified_gmt":"2025-02-20T06:25:00","slug":"impronta","status":"publish","type":"page","link":"https:\/\/royals-club.es\/it\/impronta\/","title":{"rendered":"Impronta"},"content":{"rendered":"\t\t<div data-elementor-type=\"wp-page\" data-elementor-id=\"8332\" class=\"elementor elementor-8332 elementor-8305\" data-elementor-post-type=\"page\">\n\t\t\t\t<div class=\"elementor-element elementor-element-97e570d legaltxt e-flex e-con-boxed e-con e-parent\" data-id=\"97e570d\" data-element_type=\"container\" data-settings=\"{&quot;background_background&quot;:&quot;classic&quot;}\">\n\t\t\t\t\t<div class=\"e-con-inner\">\n\t\t\t\t<div class=\"elementor-element elementor-element-2e3fd82 elementor-widget elementor-widget-text-editor\" data-id=\"2e3fd82\" data-element_type=\"widget\" data-widget_type=\"text-editor.default\">\n\t\t\t\t<div class=\"elementor-widget-container\">\n\t\t\t\t\t\t\t\t\t<h2>AVVISO LEGALE E TERMINI E CONDIZIONI GENERALI D&#8217;USO<\/h2>\n<strong>https:\/\/royals-club.es<\/strong>\n<h3>I. INFORMAZIONI GENERALI<\/h3>\nIn ottemperanza all&#8217;obbligo di fornire le informazioni previste dalla Legge 34\/2002 dell&#8217;11 luglio 2002 sui Servizi della Societ\u00e0 dell&#8217;Informazione e del Commercio Elettronico (LSSI-CE), si forniscono di seguito le informazioni generali su questo sito web: La propriet\u00e0 di questo sito web, https:\/\/royals-club.es, (di seguito Sito web) \u00e8 di:\n\nASOC ROYAL CLUB, con NIF: G16359762, i cui dati di contatto sono:\nIndirizzo: Calle Cuarteles Num 66, Pis\u00f3 s\u00f3tano, 29002 Malaga\nE-mail: <span data-teams=\"\u201ctrue\u201d\"><span dir=\"\u201cltr\u201d\">info@royals-club.es<\/span><\/span>.\n<h3>II. CONDIZIONI GENERALI DI UTILIZZO<\/h3>\n<strong>L&#8217;oggetto delle condizioni: Il Sito web<\/strong>\n\nLe presenti Condizioni Generali d&#8217;Uso (di seguito, Condizioni) hanno lo scopo di regolare l&#8217;accesso e l&#8217;utilizzo del Sito Web. Ai fini delle presenti Condizioni si intende per Sito Web: l&#8217;aspetto esterno delle interfacce dello schermo, sia staticamente che dinamicamente, ovvero l&#8217;albero di navigazione, e tutti gli elementi integrati sia nelle interfacce dello schermo che nell&#8217;albero di navigazione (di seguito, Contenuti) e tutti quei servizi o risorse online che possono essere offerti agli utenti (di seguito, Servizi).\n\nASOC ROYAL CLUB si riserva il diritto di modificare, in qualsiasi momento e senza preavviso, la presentazione e la configurazione del Sito web e dei Contenuti e Servizi che possono essere incorporati. L&#8217;Utente riconosce e accetta che in qualsiasi momento ASOC ROYAL CLUB potr\u00e0 interrompere, disattivare e\/o cancellare uno qualsiasi di questi elementi integrati nel Sito web o l&#8217;accesso agli stessi.\n\nOltre al costo della connessione attraverso la rete di telecomunicazioni fornita dal fornitore di accesso e che l&#8217;Utente ha contrattato, alcuni dei Contenuti o Servizi offerti da ASOC ROYAL CLUB o, se del caso, da terzi attraverso il Sito web possono essere soggetti alla contrattazione preventiva del Contenuto o del Servizio, nel qual caso saranno chiaramente specificate e\/o messe a disposizione dell&#8217;Utente le corrispondenti Condizioni generali o specifiche che lo regolano.\n\nL&#8217;utilizzo di uno qualsiasi dei Contenuti o dei Servizi del Sito web pu\u00f2 essere effettuato mediante una preventiva sottoscrizione o registrazione da parte dell&#8217;Utente.\n\n<span style=\"color: var(--qode-main-color); font-family: var( --e-global-typography-text-font-family ), Sans-serif; font-weight: var( --e-global-typography-text-font-weight ); text-align: var(--text-align);\">L&#8217;accesso, la navigazione e l&#8217;utilizzo del Sito Web, cos\u00ec come degli spazi previsti per l&#8217;interazione tra gli Utenti, e l&#8217;Utente e ASOC ROYAL CLUB, come ad esempio i commenti e\/o gli spazi di blogging, conferisce lo status di Utente, per cui si accettano, dal momento in cui si inizia a navigare sul Sito Web, tutte le condizioni qui stabilite, cos\u00ec come le sue successive modifiche, fatta salva l&#8217;applicazione delle relative norme giuridiche di obbligatoriet\u00e0 a seconda dei casi. Data l&#8217;importanza di quanto sopra, si raccomanda all&#8217;Utente di leggerle ogni volta che visita il Sito. Il Sito web di ASOC ROYAL CLUB fornisce un&#8217;ampia gamma di informazioni, servizi e dati. L&#8217;Utente si assume la responsabilit\u00e0 di un uso corretto del Sito. Tale responsabilit\u00e0 si estende a:<\/span>\n<ul>\n \t<li>un uso delle informazioni, dei contenuti e\/o dei servizi e dei dati offerti da ASOC ROYAL CLUB che non sia contrario alle disposizioni dei presenti Termini e Condizioni, alla legge, al buon costume o all&#8217;ordine pubblico, e che non sia in contrasto con le norme di legge.\nLegge, al buon costume o all&#8217;ordine pubblico, o che in qualsiasi altro modo possa comportare\nviolare i diritti di terzi o il funzionamento del Sito stesso.<\/li>\n \t<li>La veridicit\u00e0 e la liceit\u00e0 delle informazioni fornite dall&#8217;Utente nei moduli\nmoduli forniti da ASOC ROYAL CLUB per l&#8217;accesso a determinati Contenuti o Servizi offerti dal Sito web.\no Servizi offerti dal Sito web. In ogni caso, l&#8217;Utente dovr\u00e0 informare immediatamente ASOC ROYAL CLUB\ncomunicare immediatamente ad ASOC ROYAL CLUB qualsiasi fatto che consenta l&#8217;uso improprio delle informazioni registrate in tali moduli.\nl&#8217;uso improprio delle informazioni registrate in tali moduli, quali, a titolo esemplificativo e non esaustivo, il furto\nsolo, il furto, lo smarrimento o l&#8217;accesso non autorizzato a identificativi e\/o password,\nal fine di procedere alla sua immediata cancellazione.<\/li>\n<\/ul>\nIn ogni caso, ASOC ROYAL CLUB non sar\u00e0 responsabile delle opinioni espresse dagli utenti attraverso i commenti o altri strumenti di blogging o partecipazione eventualmente disponibili.\n\nIl semplice accesso a questo Sito non implica alcun tipo di rapporto commerciale tra ASOC ROYAL CLUB e l&#8217;Utente.\n\nL&#8217;Utente dichiara di essere maggiorenne e di avere la capacit\u00e0 giuridica sufficiente per essere vincolato dai presenti Termini e condizioni. Pertanto, il presente Sito web di ASOC ROYAL CLUB non \u00e8 destinato ai minori. ASOC ROYAL CLUB declina ogni responsabilit\u00e0 per il mancato rispetto di questo requisito.\n<h3>III. ACCESSO E NAVIGAZIONE NEL SITO WEB: ESCLUSIONE DI\nGARANZIE E RESPONSABILIT\u00c0<\/h3>\nASOC ROYAL CLUB non garantisce la continuit\u00e0, la disponibilit\u00e0 e l&#8217;utilit\u00e0 del Sito web, n\u00e9 dei Contenuti o dei Servizi. ASOC ROYAL CLUB far\u00e0 tutto il possibile per il corretto funzionamento del Sito, tuttavia non \u00e8 responsabile n\u00e9 garantisce che l&#8217;accesso al Sito non sia ininterrotto o privo di errori.\n\nN\u00e9 si assume alcuna responsabilit\u00e0 o garanzia che il contenuto o il software a cui si pu\u00f2 accedere tramite il presente Sito sia privo di errori o provochi danni al sistema informatico dell&#8217;Utente (software e hardware). In nessun caso ASOC ROYAL CLUB sar\u00e0 responsabile di perdite o danni di qualsiasi tipo derivanti dall&#8217;accesso, dalla navigazione e dall&#8217;utilizzo del Sito, compresi, ma non solo, quelli causati ai sistemi informatici o quelli causati dall&#8217;introduzione di virus.\n\nASOC ROYAL CLUB non \u00e8 responsabile dei danni che possono essere causati agli utenti da un uso improprio del Sito. In particolare, non \u00e8 responsabile in alcun modo delle cadute, delle interruzioni, dei guasti o dei difetti di telecomunicazione che possono verificarsi.\n<h3>IV. POLITICA DEI LINK<\/h3>\nIl Sito web dell&#8217;ASOC ROYAL CLUB mette o potr\u00e0 mettere a disposizione degli Utenti mezzi di collegamento (quali, tra gli altri, link, banner, pulsanti), elenchi e motori di ricerca che consentono agli Utenti di accedere a siti web appartenenti e\/o gestiti da terzi.\n\nL&#8217;installazione di questi link, elenchi e motori di ricerca sul Sito ha lo scopo di facilitare la ricerca e l&#8217;accesso alle informazioni disponibili su Internet, senza che ci\u00f2 possa essere considerato un suggerimento, una raccomandazione o un invito a visitarli.\n\nASOC ROYAL CLUB non offre o commercializza direttamente o tramite terzi i prodotti e\/o i servizi disponibili su tali siti collegati.\n\nASOC ROYAL CLUB offre contenuti sponsorizzati, pubblicit\u00e0 e\/o link di affiliazione. Le informazioni che appaiono in questi link affiliati o annunci sono fornite dagli stessi inserzionisti, pertanto ASOC ROYAL CLUB non \u00e8 responsabile di eventuali imprecisioni o errori che possono contenere gli annunci, n\u00e9 garantisce in alcun modo l&#8217;esperienza, l&#8217;integrit\u00e0 o la responsabilit\u00e0 degli inserzionisti o la qualit\u00e0 dei loro prodotti e\/o servizi.\n\nNon garantisce inoltre la disponibilit\u00e0 tecnica, l&#8217;accuratezza, l&#8217;affidabilit\u00e0, la validit\u00e0 o la legalit\u00e0 dei siti esterni alla propria propriet\u00e0 a cui si pu\u00f2 accedere tramite link.\n\nIn nessun caso ASOC ROYAL CLUB esamina o controlla il contenuto di altri siti web, n\u00e9 approva, esamina o approva i prodotti e i servizi, i contenuti, i file e qualsiasi altro materiale presente in tali siti collegati.\n\nASOC ROYAL CLUB non si assume alcuna responsabilit\u00e0 per eventuali danni che possano derivare dall&#8217;accesso, dall&#8217;uso, dalla qualit\u00e0 o dalla legalit\u00e0 dei contenuti, delle comunicazioni, delle opinioni, dei prodotti e dei servizi di siti web non gestiti da ASOC ROYAL CLUB e che sono collegati a questo Sito.\n\nL&#8217;Utente o i terzi che effettuano un collegamento ipertestuale da una pagina web di un altro sito, diverso, al Sito web dell&#8217;ASOC ROYAL CLUB devono essere consapevoli che:\n<ul>\n \t<li>La riproduzione &#8211; totale o parziale &#8211; di qualsiasi Contenuto e\/o Servizio del Sito web non \u00e8 consentita senza l&#8217;espressa autorizzazione di ASOC ROYAL CLUB.<\/li>\n \t<li>Non \u00e8 consentita alcuna dichiarazione falsa, imprecisa o errata sul Sito web ASOC ROYAL CLUB, n\u00e9 sui Contenuti e\/o Servizi del Sito web.<\/li>\n<\/ul>\nAd eccezione del collegamento ipertestuale, il sito web sul quale viene stabilito il collegamento ipertestuale non conterr\u00e0 alcun elemento di questo Sito protetto come propriet\u00e0 intellettuale dalla legge spagnola, salvo espressa autorizzazione di ASOC ROYAL CLUB.\n\nLa creazione del collegamento ipertestuale non implica l&#8217;esistenza di un rapporto tra ASOC ROYAL CLUB e il proprietario del sito web da cui viene effettuato, n\u00e9 la conoscenza e l&#8217;accettazione da parte di ASOC ROYAL CLUB dei contenuti, dei servizi e\/o delle attivit\u00e0 offerte in tale sito web, e viceversa.\n<h3>V. PROPRIETA&#8217; INTELLETTUALE E INDUSTRIALE<\/h3>\nASOC ROYAL CLUB stesso o in qualit\u00e0 di cessionario, \u00e8 titolare di tutti i diritti di propriet\u00e0 intellettuale e industriale del Sito web, nonch\u00e9 degli elementi in esso contenuti (tra cui, a titolo esemplificativo e non esaustivo, immagini, suoni, audio, video, software o testi, marchi o loghi, combinazioni di colori, struttura e design, selezione dei materiali utilizzati, programmi informatici necessari per il suo funzionamento, accesso e utilizzo, ecc.) Si tratta, pertanto, di opere protette come propriet\u00e0 intellettuale dall&#8217;ordinamento giuridico spagnolo, essendo ad esse applicabili sia la normativa spagnola e comunitaria in materia, sia i trattati internazionali relativi alla materia e sottoscritti dalla Spagna.\n\nTutti i diritti sono riservati. Ai sensi delle disposizioni della Legge sulla Propriet\u00e0 Intellettuale, sono espressamente vietate la riproduzione, la distribuzione e la comunicazione pubblica, compresa la messa a disposizione, di tutti o parte dei contenuti di questo sito web, a fini commerciali, su qualsiasi supporto e con qualsiasi mezzo tecnico, senza l&#8217;autorizzazione di ASOC ROYAL CLUB.\n\nL&#8217;Utente si impegna a rispettare i diritti di propriet\u00e0 intellettuale e industriale di ASOC ROYAL CLUB. L&#8217;Utente pu\u00f2 visualizzare gli elementi del Sito web o anche stamparli, copiarli e memorizzarli sul disco rigido del proprio computer o su qualsiasi altro supporto fisico, purch\u00e9 sia esclusivamente per uso personale. L&#8217;Utente, tuttavia, non pu\u00f2 rimuovere, alterare o manipolare alcun dispositivo di protezione o sistema di sicurezza installato sul Sito web.\n\nNel caso in cui l&#8217;Utente o terzi ritengano che uno qualsiasi dei Contenuti del Sito web comporti una violazione dei diritti di protezione della propriet\u00e0 intellettuale, \u00e8 tenuto a darne immediata comunicazione ad ASOC ROYAL CLUB tramite i recapiti indicati nella sezione INFORMAZIONI GENERALI del presente Avviso legale e Condizioni generali d&#8217;uso.\n<h3>VI. AZIONI LEGALI, LEGGE APPLICABILE E GIURISDIZIONE<\/h3>\nASOC ROYAL CLUB si riserva il diritto di avviare qualsiasi azione civile o penale che ritenga necessaria per l&#8217;uso improprio del Sito web e dei suoi contenuti, o per la violazione delle presenti Condizioni.\n\nIl rapporto tra l&#8217;Utente e ASOC ROYAL CLUB sar\u00e0 regolato dalla normativa vigente e applicabile in territorio spagnolo. In caso di controversie relative all&#8217;interpretazione e\/o all&#8217;applicazione delle presenti Condizioni, le parti sottoporranno le loro controversie alla giurisdizione ordinaria, sottoponendosi ai giudici e ai tribunali corrispondenti secondo la legge.\n\nIl presente documento di Avviso legale e Condizioni generali di utilizzo del sito web \u00e8 stato creato mediante il generatore di modelli di avviso legale e condizioni di utilizzo online il 16\/07\/2021.\t\t\t\t\t\t\t\t<\/div>\n\t\t\t\t<\/div>\n\t\t\t\t\t<\/div>\n\t\t\t\t<\/div>\n\t\t\t\t<\/div>\n\t\t","protected":false},"excerpt":{"rendered":"<p>AVVISO LEGALE E TERMINI E CONDIZIONI GENERALI D&#8217;USO https:\/\/royals-club.es I. INFORMAZIONI GENERALI In ottemperanza all&#8217;obbligo di fornire le informazioni previste dalla Legge 34\/2002 dell&#8217;11 luglio 2002 sui Servizi della Societ\u00e0 dell&#8217;Informazione e del Commercio Elettronico (LSSI-CE), si forniscono di seguito le informazioni generali su questo sito web: La propriet\u00e0 di questo sito web, https:\/\/royals-club.es, (di [&hellip;]<\/p>\n","protected":false},"author":1,"featured_media":0,"parent":0,"menu_order":0,"comment_status":"closed","ping_status":"closed","template":"","meta":{"footnotes":""},"class_list":["post-8332","page","type-page","status-publish","hentry"],"_links":{"self":[{"href":"https:\/\/royals-club.es\/it\/wp-json\/wp\/v2\/pages\/8332","targetHints":{"allow":["GET"]}}],"collection":[{"href":"https:\/\/royals-club.es\/it\/wp-json\/wp\/v2\/pages"}],"about":[{"href":"https:\/\/royals-club.es\/it\/wp-json\/wp\/v2\/types\/page"}],"author":[{"embeddable":true,"href":"https:\/\/royals-club.es\/it\/wp-json\/wp\/v2\/users\/1"}],"replies":[{"embeddable":true,"href":"https:\/\/royals-club.es\/it\/wp-json\/wp\/v2\/comments?post=8332"}],"version-history":[{"count":11,"href":"https:\/\/royals-club.es\/it\/wp-json\/wp\/v2\/pages\/8332\/revisions"}],"predecessor-version":[{"id":9405,"href":"https:\/\/royals-club.es\/it\/wp-json\/wp\/v2\/pages\/8332\/revisions\/9405"}],"wp:attachment":[{"href":"https:\/\/royals-club.es\/it\/wp-json\/wp\/v2\/media?parent=8332"}],"curies":[{"name":"wp","href":"https:\/\/api.w.org\/{rel}","templated":true}]}}