{"id":8359,"date":"2024-09-23T22:54:58","date_gmt":"2024-09-23T20:54:58","guid":{"rendered":"https:\/\/royals-club.es\/?page_id=8359"},"modified":"2025-02-20T07:26:17","modified_gmt":"2025-02-20T06:26:17","slug":"protezione-dei-dati","status":"publish","type":"page","link":"https:\/\/royals-club.es\/it\/protezione-dei-dati\/","title":{"rendered":"Protezione dei dati"},"content":{"rendered":"\t\t<div data-elementor-type=\"wp-page\" data-elementor-id=\"8359\" class=\"elementor elementor-8359 elementor-8310\" data-elementor-post-type=\"page\">\n\t\t\t\t<div class=\"elementor-element elementor-element-743f608 legaltxt e-flex e-con-boxed e-con e-parent\" data-id=\"743f608\" data-element_type=\"container\" data-settings=\"{&quot;background_background&quot;:&quot;classic&quot;}\">\n\t\t\t\t\t<div class=\"e-con-inner\">\n\t\t\t\t<div class=\"elementor-element elementor-element-d3e30f7 elementor-widget elementor-widget-text-editor\" data-id=\"d3e30f7\" data-element_type=\"widget\" data-widget_type=\"text-editor.default\">\n\t\t\t\t<div class=\"elementor-widget-container\">\n\t\t\t\t\t\t\t\t\t<h2>POLITICA DI PRIVACY DEL SITO WEB<\/h2>\n<p><strong>https:\/\/royals-club.es<\/strong><\/p>\n<h3>I. PRIVACY POLICY E PROTEZIONE DEI DATI<\/h3><p>\nIn conformit\u00e0 a quanto previsto dalla normativa vigente, ASOC ROYAL CLUB (di seguito anche Sito Web) si impegna ad adottare le misure tecniche e organizzative necessarie, secondo un livello di sicurezza adeguato al rischio dei dati raccolti.<\/p>\n<p><strong>Legge che incorpora questa politica sulla privacy<\/strong>.<\/p>\n<p>La presente informativa sulla privacy si adegua alla legislazione spagnola ed europea vigente in materia di protezione dei dati personali su Internet. In particolare, rispetta le seguenti normative:<\/p>\n<ul>\n<li>il Regolamento (UE) 2016\/679 del Parlamento europeo e del Consiglio, del 27 aprile 2016, relativo alla protezione delle persone fisiche con riguardo al trattamento dei dati personali, nonch\u00e9 alla libera circolazione di tali dati (RGPD).<\/li>\n<li>Legge organica 3\/2018, del 5 dicembre, sulla protezione dei dati personali e la garanzia dei diritti digitali (LOPD-GDD).\n<\/li><li>Reale decreto 1720\/2007, del 21 dicembre, che approva il regolamento di attuazione della legge organica 15\/1999, del 13 dicembre, sulla protezione dei dati personali (RDLOPD)<\/li>\n<li>La Ley 34\/2002, de 11 de julio, de Servicios de la Sociedad de la Informaci\u00f3n y deComercio Electr\u00f3nico (LSSI-CE).<\/li><\/ul><p>\n<strong>Identit\u00e0 del responsabile del trattamento dei dati personali<\/strong>.<\/p>\n<p>Il responsabile del trattamento dei dati personali raccolti in ASOC ROYAL CLUB, con NIF: G16359762, e i cui dati di contatto sono:<br>\nIndirizzo: Calle Cuarteles Num 66, Pis\u00f3 s\u00f3tano, 29002 Malaga<br>\nE-mail: info@royals-club.es<\/p>\n<p><strong>Registrazione dei dati personali<\/strong>.<\/p>\n<p>In conformit\u00e0 con le disposizioni del RGPD e della LOPD-GDD, si informa che i dati personali raccolti da ASOC ROYAL CLUB, attraverso i moduli forniti nelle sue pagine, saranno incorporati e trattati nel nostro archivio al fine di facilitare, accelerare e adempiere agli impegni stabiliti tra ASOC ROYAL CLUB e l&#8217;Utente o al mantenimento del rapporto stabilito nei moduli compilati dall&#8217;Utente, o per rispondere a una richiesta o domanda dello stesso. Allo stesso modo, in conformit\u00e0 con le disposizioni del RGPD e della LOPD-GDD, a meno che non si applichi l&#8217;eccezione prevista dall&#8217;articolo 30.5 del RGPD, viene tenuto un registro delle attivit\u00e0 di trattamento che specifica, in base alle sue finalit\u00e0, le attivit\u00e0 di trattamento svolte e le altre circostanze stabilite nel RGPD.<\/p>\n<p><strong>Principi applicabili al trattamento dei dati personali<\/strong>.<\/p>\n<p>Il trattamento dei dati personali dell&#8217;Utente sar\u00e0 soggetto ai seguenti principi stabiliti nell&#8217;articolo 5 del GDPR e negli articoli 4 e seguenti della Legge Organica 3\/2018, del 5 dicembre, sulla protezione dei dati personali e la garanzia dei diritti digitali:<\/p>\n<ul>\n<li>Principio di liceit\u00e0, correttezza e trasparenza: il consenso dell&#8217;Utente sar\u00e0 richiesto in ogni momento a seguito di un&#8217;informazione pienamente trasparente sulle finalit\u00e0 per le quali i dati personali sono raccolti.<\/li>\n<li>Principio di limitazione delle finalit\u00e0: i dati personali saranno raccolti per finalit\u00e0 specifiche, esplicite e legittime.<\/li>\n<li>Principio di limitazione delle finalit\u00e0: i dati personali saranno raccolti per finalit\u00e0 specifiche, esplicite e legittime.\n<\/li><li>Principio di minimizzazione dei dati: i dati personali raccolti saranno solo quelli strettamente necessari in relazione alle finalit\u00e0 per cui sono trattati<\/li>\n<li>Principio di accuratezza: i dati personali devono essere accurati e sempre aggiornati<\/li>\n<li>Principio di limitazione del periodo di conservazione: i dati personali saranno conservati in una forma che consenta l&#8217;identificazione dell&#8217;Utente solo per il tempo necessario ai fini del loro trattamento.\n<\/li><li>Principio di integrit\u00e0 e riservatezza: i dati personali saranno trattati in modo da garantire la loro sicurezza e riservatezza.\n<\/li><li>Principio di responsabilit\u00e0 proattiva: il Titolare del trattamento \u00e8 responsabile del rispetto dei principi di cui sopra.<\/li><\/ul><p>\n<strong>Categorie di dati personali<\/strong>.<\/p>\n<p>Le categorie di dati trattati da ASOC ROYAL CLUB sono esclusivamente dati identificativi. In nessun caso vengono trattate categorie particolari di dati personali ai sensi dell&#8217;articolo 9 del GDPR.<\/p>\n<p><strong>Basamento giuridico del trattamento dei dati personali<\/strong>.<\/p>\n<p>La base giuridica del trattamento dei dati personali \u00e8 il consenso. ASOC ROYAL CLUB si impegna a ottenere il consenso esplicito e verificabile dell&#8217;Utente al trattamento dei suoi dati personali per una o pi\u00f9 finalit\u00e0 specifiche. L&#8217;Utente avr\u00e0 il diritto di revocare il proprio consenso in qualsiasi momento. La revoca del consenso sar\u00e0 altrettanto semplice quanto il suo rilascio. Come regola generale, la revoca del consenso non condizioner\u00e0 l&#8217;uso del Sito web.<\/p>\n<p>Nelle occasioni in cui l&#8217;Utente deve o pu\u00f2 fornire i propri dati attraverso moduli per fare domande, richiedere informazioni o per motivi legati al contenuto del Sito web, sar\u00e0 informato nel caso in cui la compilazione di uno di essi sia obbligatoria perch\u00e9 essenziale per il corretto svolgimento dell&#8217;operazione svolta.<\/p>\n<p><strong>Finalit\u00e0 del trattamento dei dati personali<\/strong>.<\/p>\n<p>I dati personali vengono raccolti e gestiti da ASOC ROYAL CLUB per facilitare, accelerare e adempiere agli impegni stabiliti tra il Sito e l&#8217;Utente o per mantenere il rapporto stabilito nei moduli compilati da quest&#8217;ultimo o per rispondere a una richiesta o a un quesito.<\/p>\n<p>Allo stesso modo, i dati potranno essere utilizzati per finalit\u00e0 commerciali, di personalizzazione, operative e statistiche, e per attivit\u00e0 connesse all&#8217;oggetto sociale di ASOC ROYAL CLUB, nonch\u00e9 per l&#8217;estrazione e l&#8217;archiviazione di dati e studi di marketing per adattare i Contenuti offerti all&#8217;Utente, nonch\u00e9 per migliorare la qualit\u00e0, il funzionamento e la navigazione del Sito.<\/p>\n<p>Al momento dell&#8217;acquisizione dei dati personali, l&#8217;Utente sar\u00e0 informato dello scopo o degli scopi specifici del trattamento per cui i dati personali saranno utilizzati, ossia l&#8217;uso o gli usi a cui saranno destinate le informazioni raccolte.<\/p>\n<p><strong>Periodi di conservazione dei dati personali<\/strong>.<\/p>\n<p>I dati personali saranno conservati solo per il tempo minimo necessario ai fini del loro trattamento e, in ogni caso, solo per il seguente periodo: 12 mesi, o finch\u00e9 l&#8217;Utente non ne richieda la cancellazione.<\/p>\n<p>Al momento dell&#8217;acquisizione dei dati personali, l&#8217;Utente sar\u00e0 informato del periodo di conservazione dei dati personali o, laddove ci\u00f2 non sia possibile, dei criteri utilizzati per determinare tale periodo.<\/p>\n<p><strong>Destinatari dei dati personali<\/strong>.<\/p>\n<p>I dati personali dell&#8217;Utente non saranno condivisi con terzi. In ogni caso, al momento della raccolta dei dati personali, l&#8217;Utente sar\u00e0 informato sui destinatari o sulle categorie di destinatari dei dati personali.<\/p>\n<p><strong>Dati personali di minori<\/strong>.<\/p>\n<p>In conformit\u00e0 con le disposizioni degli articoli 8 del RGPD e 7 della Legge Organica 3\/2018, del 5 dicembre, sulla protezione dei dati personali e la garanzia dei diritti digitali, solo i maggiori di 14 anni possono dare il loro consenso al trattamento dei loro dati personali in modo lecito da parte di ASOC ROYAL CLUB. Nel caso di minori di 14 anni, per il trattamento \u00e8 necessario il consenso dei genitori o dei tutori e il trattamento \u00e8 lecito solo nella misura in cui i genitori o i tutori hanno dato il loro consenso.<\/p>\n<p><strong>Secretezza e sicurezza dei dati personali<\/strong>.<\/p>\n<p>ASOC ROYAL CLUB si impegna ad adottare le misure tecniche e organizzative necessarie, secondo il livello di sicurezza adeguato al rischio dei dati raccolti, in modo da garantire la sicurezza dei dati personali e prevenire la distruzione, la perdita o l&#8217;alterazione accidentale o illegale dei dati personali trasmessi, memorizzati o altrimenti trattati, o la comunicazione non autorizzata o l&#8217;accesso a tali dati.<\/p>\n<p>Il Sito Web dispone di un certificato SSL (Secure Socket Layer), che garantisce la trasmissione dei dati personali in modo sicuro e riservato, in quanto la trasmissione dei dati tra il server e l&#8217;Utente, e nel feedback, \u00e8 completamente criptata o codificata. Tuttavia, poich\u00e9 ASOC ROYAL CLUB non pu\u00f2 garantire l&#8217;inespugnabilit\u00e0 di Internet o la totale assenza di hacker o di altri soggetti che accedano fraudolentemente ai dati personali, il Titolare del trattamento si impegna a notificare all&#8217;Utente senza indebito ritardo una violazione della sicurezza dei dati personali che possa comportare un rischio elevato per i diritti e le libert\u00e0 delle persone fisiche. Ai sensi dell&#8217;articolo 4 del GDPR, per violazione della sicurezza dei dati personali si intende qualsiasi violazione della sicurezza che comporti la distruzione, la perdita o l&#8217;alterazione accidentale o illecita dei dati personali trasmessi, conservati o altrimenti trattati, oppure la divulgazione o l&#8217;accesso non autorizzati a tali dati.<\/p>\n<p>I dati personali sono trattati in modo confidenziale dal Titolare del trattamento, che si impegna a informare e a garantire, mediante un obbligo legale o contrattuale, il rispetto di tale riservatezza da parte dei propri dipendenti, partner e di qualsiasi persona a cui renda accessibili le informazioni.<\/p>\n<p><strong>Diritti derivanti dal trattamento dei dati personali<\/strong>.<\/p>\n<p>L&#8217;Utente ha nei confronti di ASOC ROYAL CLUB e pu\u00f2, pertanto, esercitare nei confronti del Titolare del trattamento i seguenti diritti riconosciuti dal RGPD e dalla Legge Organica 3\/2018, del 5 dicembre, sulla protezione dei dati personali e la garanzia dei diritti digitali:<\/p>\n<ul>\n<li>Diritto di accesso: \u00e8 il diritto dell&#8217;Utente di ottenere la conferma che ASOC ROYAL CLUB stia trattando o meno i suoi dati personali e, in tal caso, di ottenere informazioni sui suoi dati personali specifici e sul trattamento che ASOC ROYAL CLUB ha effettuato o sta effettuando, nonch\u00e9, tra l&#8217;altro, le informazioni disponibili sull&#8217;origine di tali dati e sui destinatari delle comunicazioni effettuate o previste per tali dati.<\/li>\n<li>Diritto di rettifica: \u00c8 il diritto dell&#8217;Utente di far modificare i propri dati personali qualora questi risultino inesatti o, tenuto conto delle finalit\u00e0 del trattamento, incompleti.<\/li>\n<li>Diritto di cancellazione (\u201cdiritto all&#8217;oblio\u201d): \u00c8 il diritto dell&#8217;Utente, se non diversamente previsto dalla legge, di ottenere la cancellazione dei propri dati personali quando non sono pi\u00f9 necessari per le finalit\u00e0 per cui sono stati raccolti o trattati; l&#8217;Utente ha ritirato il proprio consenso al trattamento e il trattamento non ha altra base giuridica; l&#8217;Utente si oppone al trattamento e non sussiste alcun altro motivo legittimo per continuare il trattamento; i dati personali sono stati trattati illecitamente; i dati personali devono essere cancellati in ottemperanza a un obbligo legale; oppure i dati personali sono stati ottenuti in seguito a un&#8217;offerta diretta di servizi della societ\u00e0 dell&#8217;informazione a un minore di 14 anni. Oltre alla cancellazione, il Titolare del trattamento, tenendo conto della tecnologia disponibile e dei costi di attuazione, adotter\u00e0 misure ragionevoli per informare i responsabili del trattamento della richiesta dell&#8217;interessato di cancellare qualsiasi collegamento a tali dati personali.\n<\/li><li>Diritto alla limitazione del trattamento: si tratta del diritto dell&#8217;Utente di limitare il trattamento dei propri dati personali. L&#8217;Utente ha il diritto di ottenere la limitazione del trattamento quando contesta l&#8217;esattezza dei suoi dati personali; il trattamento \u00e8 illecito; il Titolare del trattamento non ha pi\u00f9 bisogno dei dati personali, ma l&#8217;Utente ne ha bisogno per avanzare richieste di risarcimento; e quando l&#8217;Utente si \u00e8 opposto al trattamento.\n<\/li><li>Diritto alla portabilit\u00e0 dei dati: Qualora il trattamento sia effettuato con mezzi automatizzati, l&#8217;Utente ha il diritto di ricevere dal Titolare del trattamento i propri dati personali in un formato strutturato, di uso comune e leggibile da dispositivo automatico e di trasmetterli a un altro titolare del trattamento. Ove tecnicamente fattibile, il Titolare del trattamento trasmetter\u00e0 i dati direttamente a tale altro titolare del trattamento.<\/li>\n<li>Diritto di opposizione: \u00c8 il diritto dell&#8217;Utente di non far trattare i propri dati personali o di far cessare il trattamento di tali dati da parte di ASOC ROYAL CLUB.\n<\/li><li>Diritto di non essere sottoposto a una decisione basata unicamente sul trattamento automatizzato, compresa la profilazione: \u00e8 il diritto dell&#8217;Utente di non essere sottoposto a una decisione individualizzata basata unicamente sul trattamento automatizzato dei propri dati personali, compresa la profilazione, salvo quanto diversamente stabilito dalla normativa vigente.<\/li><\/ul><p>\nPertanto, l&#8217;Utente pu\u00f2 esercitare i propri diritti mediante comunicazione scritta indirizzata al Titolare del trattamento con il riferimento \u201cRGPD-https:\/\/royals-club.es\u201d,<br>\nspecificando:<\/p>\n<ul>\n<li>nome, cognome\/i dell&#8217;Utente e copia della carta d&#8217;identit\u00e0 dell&#8217;Utente. Nei casi in cui \u00e8 ammessa la rappresentanza, sar\u00e0 necessario identificare con lo stesso mezzo anche la persona che rappresenta l&#8217;Utente, nonch\u00e9 il documento che accredita la rappresentanza. La fotocopia del DNI pu\u00f2 essere sostituita da qualsiasi altro mezzo legalmente valido che accrediti l&#8217;identit\u00e0.\n<\/li><li>Petizione con le ragioni specifiche della richiesta o delle informazioni a cui si chiede di accedere.\n<\/li><li>Indirizzo per le notifiche.\n<\/li><li>Data e firma del richiedente.\n<\/li><li>Qualsiasi documento che accrediti la richiesta presentata.<\/li><\/ul><p>\nLa presente richiesta e gli altri documenti allegati possono essere inviati al seguente indirizzo e\/o indirizzo e-mail:<\/p>\n<p>Indirizzo postale: Calle Cuarteles Num 66, Pis\u00f3 s\u00f3tano, 29002 Malaga<br>\nE-mail: info@royals-club.es<\/p>\n<p><strong>Link a siti web di terzi<\/strong>.<\/p>\n<p>Il Sito pu\u00f2 contenere collegamenti ipertestuali o link che consentono di accedere a siti web di terzi diversi da ASOC ROYAL CLUB, e pertanto non gestiti da ASOC ROYAL CLUB. I proprietari di questi siti web avranno le proprie politiche di protezione dei dati, essendo essi stessi, in ogni caso, responsabili dei propri archivi e delle proprie pratiche di privacy.<\/p>\n<p><strong>Richieste all&#8217;autorit\u00e0 di controllo<\/strong>.<\/p>\n<p>Nel caso in cui l&#8217;Utente ritenga che vi sia un problema o una violazione della normativa vigente nel modo in cui vengono trattati i suoi dati personali, avr\u00e0 diritto a una tutela giurisdizionale effettiva e a presentare un reclamo a un&#8217;autorit\u00e0 di controllo, in particolare nello Stato in cui ha la residenza abituale, il luogo di lavoro o il luogo della presunta violazione. Nel caso della Spagna, l&#8217;autorit\u00e0 di controllo \u00e8 l&#8217;Agenzia spagnola per la protezione dei dati (http:\/\/www.agpd.es).<\/p>\n<h3>II. ACCETTAZIONE E MODIFICHE ALLA PRESENTE POLITICA SULLA PRIVACY<\/h3><p>\n\u00c8 necessario che l&#8217;Utente abbia letto e accettato le condizioni sulla protezione dei dati personali contenute nella presente Informativa sulla privacy, nonch\u00e9 che accetti il trattamento dei propri dati personali affinch\u00e9 il Titolare del trattamento possa procedere nelle modalit\u00e0, nei periodi e per le finalit\u00e0 indicate. L&#8217;utilizzo del Sito implica l&#8217;accettazione della Privacy Policy dello stesso.<\/p>\n<p>ASOC ROYAL CLUB si riserva il diritto di modificare la propria Politica sulla privacy, secondo i propri criteri, o motivata da una modifica legislativa, giurisprudenziale o dottrinale dell&#8217;Agenzia spagnola per la protezione dei dati. Le modifiche o gli aggiornamenti della presente Politica sulla privacy non saranno notificati esplicitamente all&#8217;Utente. Si raccomanda all&#8217;Utente di consultare periodicamente questa pagina per tenersi aggiornato sulle ultime modifiche o aggiornamenti.<\/p>\n<p>La presente Informativa sulla privacy \u00e8 stata aggiornata per adeguarsi al Regolamento (UE) 2016\/679 del Parlamento europeo e del Consiglio, del 27 aprile 2016, relativo alla protezione delle persone fisiche con riguardo al trattamento dei dati personali, nonch\u00e9 alla libera circolazione di tali dati (GDPR) e alla Legge organica 3\/2018, del 5 dicembre, sulla protezione dei dati personali e la garanzia dei diritti digitali.<\/p>\n<p>Il presente documento di informativa sulla privacy del sito web \u00e8 stato creato utilizzando il generatore di modelli di informativa sulla privacy online in data 01\/07\/2021.<\/p>\t\t\t\t\t\t\t\t<\/div>\n\t\t\t\t<\/div>\n\t\t\t\t\t<\/div>\n\t\t\t\t<\/div>\n\t\t\t\t<\/div>\n\t\t","protected":false},"excerpt":{"rendered":"<p>POLITICA DI PRIVACY DEL SITO WEB https:\/\/royals-club.es I. PRIVACY POLICY E PROTEZIONE DEI DATI In conformit\u00e0 a quanto previsto dalla normativa vigente, ASOC ROYAL CLUB (di seguito anche Sito Web) si impegna ad adottare le misure tecniche e organizzative necessarie, secondo un livello di sicurezza adeguato al rischio dei dati raccolti. Legge che incorpora questa [&hellip;]<\/p>\n","protected":false},"author":1,"featured_media":0,"parent":0,"menu_order":0,"comment_status":"closed","ping_status":"closed","template":"","meta":{"footnotes":""},"class_list":["post-8359","page","type-page","status-publish","hentry"],"_links":{"self":[{"href":"https:\/\/royals-club.es\/it\/wp-json\/wp\/v2\/pages\/8359","targetHints":{"allow":["GET"]}}],"collection":[{"href":"https:\/\/royals-club.es\/it\/wp-json\/wp\/v2\/pages"}],"about":[{"href":"https:\/\/royals-club.es\/it\/wp-json\/wp\/v2\/types\/page"}],"author":[{"embeddable":true,"href":"https:\/\/royals-club.es\/it\/wp-json\/wp\/v2\/users\/1"}],"replies":[{"embeddable":true,"href":"https:\/\/royals-club.es\/it\/wp-json\/wp\/v2\/comments?post=8359"}],"version-history":[{"count":11,"href":"https:\/\/royals-club.es\/it\/wp-json\/wp\/v2\/pages\/8359\/revisions"}],"predecessor-version":[{"id":9420,"href":"https:\/\/royals-club.es\/it\/wp-json\/wp\/v2\/pages\/8359\/revisions\/9420"}],"wp:attachment":[{"href":"https:\/\/royals-club.es\/it\/wp-json\/wp\/v2\/media?parent=8359"}],"curies":[{"name":"wp","href":"https:\/\/api.w.org\/{rel}","templated":true}]}}